{"id":160,"date":"2024-07-05T12:39:12","date_gmt":"2024-07-05T10:39:12","guid":{"rendered":"https:\/\/invepat.live-website.com\/invepat2024\/?page_id=160"},"modified":"2024-08-12T14:12:55","modified_gmt":"2024-08-12T12:12:55","slug":"blog","status":"publish","type":"page","link":"https:\/\/invepat.live-website.com\/invepat2024\/blog\/","title":{"rendered":"Blog"},"content":{"rendered":"<div class=\"wpb-content-wrapper\">[vc_section full_width=\u00bbstretch_row_content\u00bb content_placement=\u00bbmiddle\u00bb min_height=\u00bb600&#8243;][vc_row][vc_column]<style>.vcex-heading.vcex_69f9b7aac81ac{animation-duration:4s;font-size:110px;letter-spacing:-3px;}<\/style><h1 class=\"vcex-heading vcex-heading-plain vcex-module wpex-heading wpex-text-2xl wpex-text-center  wpb_animate_when_almost_visible wpb_fadeIn fadeIn vcex_69f9b7aac81ac\"><span class=\"vcex-heading-inner wpex-inline-block\">Blog<\/span><\/h1>[\/vc_column][\/vc_row][\/vc_section][vc_section full_width=\u00bbstretch_row_content\u00bb content_placement=\u00bbmiddle\u00bb min_height=\u00bb500&#8243; css=\u00bb.vc_custom_1720168977959{background-color: #e9e9e8 !important;}\u00bb][vc_row content_placement=\u00bbmiddle\u00bb css=\u00bb.vc_custom_1723464657210{padding-top: 60px !important;}\u00bb][vc_column css=\u00bb.vc_custom_1723464584959{padding-left: 10% !important;}\u00bb offset=\u00bbvc_col-xs-offset-1&#8243;]<div class=\"wpex-post-cards wpex-post-cards-blog_22 vcex_69f9b7aacd38e wpex-relative\"><div class=\"wpex-post-cards-inner\"><style class=\"vcex-carousel-preload-css\">.vcex_69f9b7aacd38e .wpex-posts-card-carousel{--wpex-carousel-gap:15px;}.vcex_69f9b7aacd38e .wpex-posts-card-carousel{--wpex-carousel-columns:1;}.vcex_69f9b7aacd38e .wpex-posts-card-carousel.wpex-carousel:not(.owl-loaded) > *:not(:nth-child(1n+2)) {display: flex !important;}@media only screen and (min-width: 480px) {.vcex_69f9b7aacd38e .wpex-posts-card-carousel{--wpex-carousel-columns:2;}.vcex_69f9b7aacd38e .wpex-posts-card-carousel.wpex-carousel:not(.owl-loaded) > *:not(:nth-child(1n+3)) {display: flex !important;}}@media only screen and (min-width: 768px) {.vcex_69f9b7aacd38e .wpex-posts-card-carousel{--wpex-carousel-columns:3;}.vcex_69f9b7aacd38e .wpex-posts-card-carousel.wpex-carousel:not(.owl-loaded) > *:not(:nth-child(1n+4)) {display: flex !important;}}@media only screen and (min-width: 960px) {.vcex_69f9b7aacd38e .wpex-posts-card-carousel{--wpex-carousel-columns:4;}.vcex_69f9b7aacd38e .wpex-posts-card-carousel.wpex-carousel:not(.owl-loaded) > *:not(:nth-child(1n+5)) {display: flex !important;}}<\/style><div class=\"wpex-post-cards-loop wpex-posts-card-carousel wpex-carousel owl-carousel wpex-carousel--render-onload wpex-carousel--flex wpex-carousel--no-margins arrwstyle-circle arrwpos-default\" data-wpex-carousel='{&quot;autoplay&quot;:&quot;true&quot;,&quot;slideBy&quot;:1,&quot;responsive&quot;:{&quot;0&quot;:{&quot;items&quot;:&quot;1&quot;},&quot;480&quot;:{&quot;items&quot;:&quot;2&quot;},&quot;768&quot;:{&quot;items&quot;:&quot;3&quot;},&quot;960&quot;:{&quot;items&quot;:&quot;4&quot;}}}'><div class=\"wpex-post-cards-entry wpex-carousel-slide post-3054 type-post cat-15\"><div class=\"wpex-card wpex-card-blog_22 wpb_animate_when_almost_visible wpb_fadeInUpBig fadeInUpBig\"><a href=\"https:\/\/invepat.live-website.com\/invepat2024\/reflexiones-sobre-el-kit-digital-tras-un-ano-y-medio-en-activo\/\" aria-label=\"Reflexiones sobre el Kit Digital tras un a\u00f1o y medio en activo\" class=\"wpex-card-inner wpex-flex wpex-flex-col wpex-flex-grow wpex-overflow-hidden wpex-rounded-md wpex-border wpex-border-solid wpex-border-main wpex-surface-1 wpex-no-underline wpex-inherit-color\"><div class=\"wpex-card-media overlay-parent overlay-parent-1\"><div class=\"wpex-card-thumbnail wpex-relative\"><img width=\"1377\" height=\"916\" src=\"https:\/\/invepat.live-website.com\/invepat2024\/wp-content\/uploads\/2024\/01\/refelexiones-sobre-el-kit-digital.webp\" class=\"wpex-align-middle\" alt=\"Reflexiones sobre el kit digital\" loading=\"lazy\" decoding=\"async\" srcset=\"https:\/\/invepat.live-website.com\/invepat2024\/wp-content\/uploads\/2024\/01\/refelexiones-sobre-el-kit-digital.webp 1377w, https:\/\/invepat.live-website.com\/invepat2024\/wp-content\/uploads\/2024\/01\/refelexiones-sobre-el-kit-digital-300x200.webp 300w, https:\/\/invepat.live-website.com\/invepat2024\/wp-content\/uploads\/2024\/01\/refelexiones-sobre-el-kit-digital-1024x681.webp 1024w, https:\/\/invepat.live-website.com\/invepat2024\/wp-content\/uploads\/2024\/01\/refelexiones-sobre-el-kit-digital-768x511.webp 768w\" sizes=\"auto, (max-width: 1377px) 100vw, 1377px\" \/><i class=\"wpex-thumbnail-format-icon wpex-block wpex-right-0 wpex-bottom-0 wpex-mr-15 wpex-mb-15 wpex-absolute wpex-text-white wpex-text-center wpex-leading-none wpex-opacity-0 wpex-onload-opacity-100\" aria-hidden=\"true\"><span class=\"wpex-svg-icon\" aria-hidden=\"true\"><svg height=\"20\" width=\"20\" fill=\"currentColor\" version=\"1.1\" xmlns=\"http:\/\/www.w3.org\/2000\/svg\" width=\"27\" height=\"32\" viewBox=\"0 0 27 32\"><path d=\"M26.214 6.786q0.5 0.5 0.857 1.357t0.357 1.571v20.571q0 0.714-0.5 1.214t-1.214 0.5h-24q-0.714 0-1.214-0.5t-0.5-1.214v-28.571q0-0.714 0.5-1.214t1.214-0.5h16q0.714 0 1.571 0.357t1.357 0.857zM18.286 2.429v6.714h6.714q-0.179-0.518-0.393-0.732l-5.589-5.589q-0.214-0.214-0.732-0.393zM25.143 29.714v-18.286h-7.429q-0.714 0-1.214-0.5t-0.5-1.214v-7.429h-13.714v27.429h22.857zM6.857 14.286q0-0.25 0.161-0.411t0.411-0.161h12.571q0.25 0 0.411 0.161t0.161 0.411v1.143q0 0.25-0.161 0.411t-0.411 0.161h-12.571q-0.25 0-0.411-0.161t-0.161-0.411v-1.143zM20 18.286q0.25 0 0.411 0.161t0.161 0.411v1.143q0 0.25-0.161 0.411t-0.411 0.161h-12.571q-0.25 0-0.411-0.161t-0.161-0.411v-1.143q0-0.25 0.161-0.411t0.411-0.161h12.571zM20 22.857q0.25 0 0.411 0.161t0.161 0.411v1.143q0 0.25-0.161 0.411t-0.411 0.161h-12.571q-0.25 0-0.411-0.161t-0.161-0.411v-1.143q0-0.25 0.161-0.411t0.411-0.161h12.571z\"><\/path><\/svg><\/span><\/i><\/div><\/div><div class=\"wpex-card-details wpex-flex wpex-flex-col wpex-flex-grow wpex-p-30 wpex-last-mb-0\"><h2 class=\"wpex-card-title wpex-heading wpex-child-inherit-color wpex-text-xl\">Reflexiones sobre el Kit Digital tras un a\u00f1o y medio en activo<\/h2><div class=\"wpex-card-excerpt wpex-last-mb-0 wpex-mt-15\"><p>Est\u00e1 claro que el Kit Digital ha ayudado a una gran cantidad de empresas y aut\u00f3nomos, eso es tremendamente positivo,&hellip;<\/p>\n<\/div><\/div><\/a><\/div><\/div><div class=\"wpex-post-cards-entry wpex-carousel-slide post-3048 type-post cat-15\"><div class=\"wpex-card wpex-card-blog_22 wpb_animate_when_almost_visible wpb_fadeInUpBig fadeInUpBig\"><a href=\"https:\/\/invepat.live-website.com\/invepat2024\/ayudas-de-la-junta-de-andalucia-para-2024-que-podemos-esperar\/\" aria-label=\"Ayudas de la Junta de Andaluc\u00eda para 2024. \u00bfQu\u00e9 podemos esperar?\" class=\"wpex-card-inner wpex-flex wpex-flex-col wpex-flex-grow wpex-overflow-hidden wpex-rounded-md wpex-border wpex-border-solid wpex-border-main wpex-surface-1 wpex-no-underline wpex-inherit-color\"><div class=\"wpex-card-media overlay-parent overlay-parent-1\"><div class=\"wpex-card-thumbnail wpex-relative\"><img width=\"1377\" height=\"920\" src=\"https:\/\/invepat.live-website.com\/invepat2024\/wp-content\/uploads\/2024\/01\/Ayudas-de-la-Junta-de-Andalucia-2024.webp\" class=\"wpex-align-middle\" alt=\"Ayudas Junta de Andaluc\u00eda 2024\" loading=\"lazy\" decoding=\"async\" srcset=\"https:\/\/invepat.live-website.com\/invepat2024\/wp-content\/uploads\/2024\/01\/Ayudas-de-la-Junta-de-Andalucia-2024.webp 1377w, https:\/\/invepat.live-website.com\/invepat2024\/wp-content\/uploads\/2024\/01\/Ayudas-de-la-Junta-de-Andalucia-2024-300x200.webp 300w, https:\/\/invepat.live-website.com\/invepat2024\/wp-content\/uploads\/2024\/01\/Ayudas-de-la-Junta-de-Andalucia-2024-1024x684.webp 1024w, https:\/\/invepat.live-website.com\/invepat2024\/wp-content\/uploads\/2024\/01\/Ayudas-de-la-Junta-de-Andalucia-2024-768x513.webp 768w\" sizes=\"auto, (max-width: 1377px) 100vw, 1377px\" \/><i class=\"wpex-thumbnail-format-icon wpex-block wpex-right-0 wpex-bottom-0 wpex-mr-15 wpex-mb-15 wpex-absolute wpex-text-white wpex-text-center wpex-leading-none wpex-opacity-0 wpex-onload-opacity-100\" aria-hidden=\"true\"><span class=\"wpex-svg-icon\" aria-hidden=\"true\"><svg height=\"20\" width=\"20\" fill=\"currentColor\" version=\"1.1\" xmlns=\"http:\/\/www.w3.org\/2000\/svg\" width=\"27\" height=\"32\" viewBox=\"0 0 27 32\"><path d=\"M26.214 6.786q0.5 0.5 0.857 1.357t0.357 1.571v20.571q0 0.714-0.5 1.214t-1.214 0.5h-24q-0.714 0-1.214-0.5t-0.5-1.214v-28.571q0-0.714 0.5-1.214t1.214-0.5h16q0.714 0 1.571 0.357t1.357 0.857zM18.286 2.429v6.714h6.714q-0.179-0.518-0.393-0.732l-5.589-5.589q-0.214-0.214-0.732-0.393zM25.143 29.714v-18.286h-7.429q-0.714 0-1.214-0.5t-0.5-1.214v-7.429h-13.714v27.429h22.857zM6.857 14.286q0-0.25 0.161-0.411t0.411-0.161h12.571q0.25 0 0.411 0.161t0.161 0.411v1.143q0 0.25-0.161 0.411t-0.411 0.161h-12.571q-0.25 0-0.411-0.161t-0.161-0.411v-1.143zM20 18.286q0.25 0 0.411 0.161t0.161 0.411v1.143q0 0.25-0.161 0.411t-0.411 0.161h-12.571q-0.25 0-0.411-0.161t-0.161-0.411v-1.143q0-0.25 0.161-0.411t0.411-0.161h12.571zM20 22.857q0.25 0 0.411 0.161t0.161 0.411v1.143q0 0.25-0.161 0.411t-0.411 0.161h-12.571q-0.25 0-0.411-0.161t-0.161-0.411v-1.143q0-0.25 0.161-0.411t0.411-0.161h12.571z\"><\/path><\/svg><\/span><\/i><\/div><\/div><div class=\"wpex-card-details wpex-flex wpex-flex-col wpex-flex-grow wpex-p-30 wpex-last-mb-0\"><h2 class=\"wpex-card-title wpex-heading wpex-child-inherit-color wpex-text-xl\">Ayudas de la Junta de Andaluc\u00eda para 2024. \u00bfQu\u00e9 podemos esperar?<\/h2><div class=\"wpex-card-excerpt wpex-last-mb-0 wpex-mt-15\"><p>Un tema que interesa a la mayor\u00eda de empresarios andaluces es el de las ayudas de la Junta de Andaluc\u00eda&hellip;<\/p>\n<\/div><\/div><\/a><\/div><\/div><div class=\"wpex-post-cards-entry wpex-carousel-slide post-2991 type-post cat-15\"><div class=\"wpex-card wpex-card-blog_22 wpb_animate_when_almost_visible wpb_fadeInUpBig fadeInUpBig\"><a href=\"https:\/\/invepat.live-website.com\/invepat2024\/enisa-que-es-y-como-te-puede-ayudar\/\" aria-label=\"ENISA \u00bfQu\u00e9 es y c\u00f3mo te puede ayudar?\" class=\"wpex-card-inner wpex-flex wpex-flex-col wpex-flex-grow wpex-overflow-hidden wpex-rounded-md wpex-border wpex-border-solid wpex-border-main wpex-surface-1 wpex-no-underline wpex-inherit-color\"><div class=\"wpex-card-media overlay-parent overlay-parent-1\"><div class=\"wpex-card-thumbnail wpex-relative\"><img width=\"1920\" height=\"1280\" src=\"https:\/\/invepat.live-website.com\/invepat2024\/wp-content\/uploads\/2024\/01\/prestamosenisaqueson.webp\" class=\"wpex-align-middle\" alt=\"que son los prestamos enisa\" loading=\"lazy\" decoding=\"async\" srcset=\"https:\/\/invepat.live-website.com\/invepat2024\/wp-content\/uploads\/2024\/01\/prestamosenisaqueson.webp 1920w, https:\/\/invepat.live-website.com\/invepat2024\/wp-content\/uploads\/2024\/01\/prestamosenisaqueson-300x200.webp 300w, https:\/\/invepat.live-website.com\/invepat2024\/wp-content\/uploads\/2024\/01\/prestamosenisaqueson-1024x683.webp 1024w, https:\/\/invepat.live-website.com\/invepat2024\/wp-content\/uploads\/2024\/01\/prestamosenisaqueson-768x512.webp 768w, https:\/\/invepat.live-website.com\/invepat2024\/wp-content\/uploads\/2024\/01\/prestamosenisaqueson-1536x1024.webp 1536w\" sizes=\"auto, (max-width: 1920px) 100vw, 1920px\" \/><i class=\"wpex-thumbnail-format-icon wpex-block wpex-right-0 wpex-bottom-0 wpex-mr-15 wpex-mb-15 wpex-absolute wpex-text-white wpex-text-center wpex-leading-none wpex-opacity-0 wpex-onload-opacity-100\" aria-hidden=\"true\"><span class=\"wpex-svg-icon\" aria-hidden=\"true\"><svg height=\"20\" width=\"20\" fill=\"currentColor\" version=\"1.1\" xmlns=\"http:\/\/www.w3.org\/2000\/svg\" width=\"27\" height=\"32\" viewBox=\"0 0 27 32\"><path d=\"M26.214 6.786q0.5 0.5 0.857 1.357t0.357 1.571v20.571q0 0.714-0.5 1.214t-1.214 0.5h-24q-0.714 0-1.214-0.5t-0.5-1.214v-28.571q0-0.714 0.5-1.214t1.214-0.5h16q0.714 0 1.571 0.357t1.357 0.857zM18.286 2.429v6.714h6.714q-0.179-0.518-0.393-0.732l-5.589-5.589q-0.214-0.214-0.732-0.393zM25.143 29.714v-18.286h-7.429q-0.714 0-1.214-0.5t-0.5-1.214v-7.429h-13.714v27.429h22.857zM6.857 14.286q0-0.25 0.161-0.411t0.411-0.161h12.571q0.25 0 0.411 0.161t0.161 0.411v1.143q0 0.25-0.161 0.411t-0.411 0.161h-12.571q-0.25 0-0.411-0.161t-0.161-0.411v-1.143zM20 18.286q0.25 0 0.411 0.161t0.161 0.411v1.143q0 0.25-0.161 0.411t-0.411 0.161h-12.571q-0.25 0-0.411-0.161t-0.161-0.411v-1.143q0-0.25 0.161-0.411t0.411-0.161h12.571zM20 22.857q0.25 0 0.411 0.161t0.161 0.411v1.143q0 0.25-0.161 0.411t-0.411 0.161h-12.571q-0.25 0-0.411-0.161t-0.161-0.411v-1.143q0-0.25 0.161-0.411t0.411-0.161h12.571z\"><\/path><\/svg><\/span><\/i><\/div><\/div><div class=\"wpex-card-details wpex-flex wpex-flex-col wpex-flex-grow wpex-p-30 wpex-last-mb-0\"><h2 class=\"wpex-card-title wpex-heading wpex-child-inherit-color wpex-text-xl\">ENISA \u00bfQu\u00e9 es y c\u00f3mo te puede ayudar?<\/h2><div class=\"wpex-card-excerpt wpex-last-mb-0 wpex-mt-15\"><p>ENISA llega para marcar un antes y un despu\u00e9s en el mundo de los pr\u00e9stamos financieros. Dise\u00f1ado para acelerar el&hellip;<\/p>\n<\/div><\/div><\/a><\/div><\/div><div class=\"wpex-post-cards-entry wpex-carousel-slide post-2563 type-post cat-12 cat-13\"><div class=\"wpex-card wpex-card-blog_22 wpb_animate_when_almost_visible wpb_fadeInUpBig fadeInUpBig\"><a href=\"https:\/\/invepat.live-website.com\/invepat2024\/como-armar-un-plan-de-negocio-de-exito-en-8-pasos\/\" aria-label=\"C\u00f3mo armar un plan de negocio de \u00e9xito en 8 pasos\" class=\"wpex-card-inner wpex-flex wpex-flex-col wpex-flex-grow wpex-overflow-hidden wpex-rounded-md wpex-border wpex-border-solid wpex-border-main wpex-surface-1 wpex-no-underline wpex-inherit-color\"><div class=\"wpex-card-media overlay-parent overlay-parent-1\"><div class=\"wpex-card-thumbnail wpex-relative\"><img width=\"1920\" height=\"1080\" src=\"https:\/\/invepat.live-website.com\/invepat2024\/wp-content\/uploads\/2023\/12\/estrategia-empresarial.png\" class=\"wpex-align-middle\" alt=\"C\u00f3mo armar un plan de negocio de \u00e9xito en 8 pasos\" loading=\"lazy\" decoding=\"async\" srcset=\"https:\/\/invepat.live-website.com\/invepat2024\/wp-content\/uploads\/2023\/12\/estrategia-empresarial.png 1920w, https:\/\/invepat.live-website.com\/invepat2024\/wp-content\/uploads\/2023\/12\/estrategia-empresarial-300x169.png 300w, https:\/\/invepat.live-website.com\/invepat2024\/wp-content\/uploads\/2023\/12\/estrategia-empresarial-1024x576.png 1024w, https:\/\/invepat.live-website.com\/invepat2024\/wp-content\/uploads\/2023\/12\/estrategia-empresarial-768x432.png 768w, https:\/\/invepat.live-website.com\/invepat2024\/wp-content\/uploads\/2023\/12\/estrategia-empresarial-1536x864.png 1536w\" sizes=\"auto, (max-width: 1920px) 100vw, 1920px\" \/><i class=\"wpex-thumbnail-format-icon wpex-block wpex-right-0 wpex-bottom-0 wpex-mr-15 wpex-mb-15 wpex-absolute wpex-text-white wpex-text-center wpex-leading-none wpex-opacity-0 wpex-onload-opacity-100\" aria-hidden=\"true\"><span class=\"wpex-svg-icon\" aria-hidden=\"true\"><svg height=\"20\" width=\"20\" fill=\"currentColor\" version=\"1.1\" xmlns=\"http:\/\/www.w3.org\/2000\/svg\" width=\"27\" height=\"32\" viewBox=\"0 0 27 32\"><path d=\"M26.214 6.786q0.5 0.5 0.857 1.357t0.357 1.571v20.571q0 0.714-0.5 1.214t-1.214 0.5h-24q-0.714 0-1.214-0.5t-0.5-1.214v-28.571q0-0.714 0.5-1.214t1.214-0.5h16q0.714 0 1.571 0.357t1.357 0.857zM18.286 2.429v6.714h6.714q-0.179-0.518-0.393-0.732l-5.589-5.589q-0.214-0.214-0.732-0.393zM25.143 29.714v-18.286h-7.429q-0.714 0-1.214-0.5t-0.5-1.214v-7.429h-13.714v27.429h22.857zM6.857 14.286q0-0.25 0.161-0.411t0.411-0.161h12.571q0.25 0 0.411 0.161t0.161 0.411v1.143q0 0.25-0.161 0.411t-0.411 0.161h-12.571q-0.25 0-0.411-0.161t-0.161-0.411v-1.143zM20 18.286q0.25 0 0.411 0.161t0.161 0.411v1.143q0 0.25-0.161 0.411t-0.411 0.161h-12.571q-0.25 0-0.411-0.161t-0.161-0.411v-1.143q0-0.25 0.161-0.411t0.411-0.161h12.571zM20 22.857q0.25 0 0.411 0.161t0.161 0.411v1.143q0 0.25-0.161 0.411t-0.411 0.161h-12.571q-0.25 0-0.411-0.161t-0.161-0.411v-1.143q0-0.25 0.161-0.411t0.411-0.161h12.571z\"><\/path><\/svg><\/span><\/i><\/div><\/div><div class=\"wpex-card-details wpex-flex wpex-flex-col wpex-flex-grow wpex-p-30 wpex-last-mb-0\"><h2 class=\"wpex-card-title wpex-heading wpex-child-inherit-color wpex-text-xl\">C\u00f3mo armar un plan de negocio de \u00e9xito en 8 pasos<\/h2><div class=\"wpex-card-excerpt wpex-last-mb-0 wpex-mt-15\"><p>\u00bfEst\u00e1s pensando en montar un negocio? Si es as\u00ed, uno de los primeros pasos que debes dar es crear un&hellip;<\/p>\n<\/div><\/div><\/a><\/div><\/div><div class=\"wpex-post-cards-entry wpex-carousel-slide post-2926 type-post cat-14\"><div class=\"wpex-card wpex-card-blog_22 wpb_animate_when_almost_visible wpb_fadeInUpBig fadeInUpBig\"><a href=\"https:\/\/invepat.live-website.com\/invepat2024\/hablamos-sobre-como-conseguir-mejores-empresas-con-un-grupo-de-profesores-suecos\/\" aria-label=\"Hablamos sobre c\u00f3mo conseguir mejores empresas con un grupo de profesores suecos.\u00a0\" class=\"wpex-card-inner wpex-flex wpex-flex-col wpex-flex-grow wpex-overflow-hidden wpex-rounded-md wpex-border wpex-border-solid wpex-border-main wpex-surface-1 wpex-no-underline wpex-inherit-color\"><div class=\"wpex-card-media overlay-parent overlay-parent-1\"><div class=\"wpex-card-thumbnail wpex-relative\"><img width=\"1920\" height=\"1080\" src=\"https:\/\/invepat.live-website.com\/invepat2024\/wp-content\/uploads\/2023\/11\/visita-suecos-mkd.png\" class=\"wpex-align-middle\" alt=\"Hablamos sobre c\u00f3mo conseguir mejores empresas con un grupo de profesores suecos.\u00a0\" loading=\"lazy\" decoding=\"async\" srcset=\"https:\/\/invepat.live-website.com\/invepat2024\/wp-content\/uploads\/2023\/11\/visita-suecos-mkd.png 1920w, https:\/\/invepat.live-website.com\/invepat2024\/wp-content\/uploads\/2023\/11\/visita-suecos-mkd-300x169.png 300w, https:\/\/invepat.live-website.com\/invepat2024\/wp-content\/uploads\/2023\/11\/visita-suecos-mkd-1024x576.png 1024w, https:\/\/invepat.live-website.com\/invepat2024\/wp-content\/uploads\/2023\/11\/visita-suecos-mkd-768x432.png 768w, https:\/\/invepat.live-website.com\/invepat2024\/wp-content\/uploads\/2023\/11\/visita-suecos-mkd-1536x864.png 1536w\" sizes=\"auto, (max-width: 1920px) 100vw, 1920px\" \/><i class=\"wpex-thumbnail-format-icon wpex-block wpex-right-0 wpex-bottom-0 wpex-mr-15 wpex-mb-15 wpex-absolute wpex-text-white wpex-text-center wpex-leading-none wpex-opacity-0 wpex-onload-opacity-100\" aria-hidden=\"true\"><span class=\"wpex-svg-icon\" aria-hidden=\"true\"><svg height=\"20\" width=\"20\" fill=\"currentColor\" version=\"1.1\" xmlns=\"http:\/\/www.w3.org\/2000\/svg\" width=\"27\" height=\"32\" viewBox=\"0 0 27 32\"><path d=\"M26.214 6.786q0.5 0.5 0.857 1.357t0.357 1.571v20.571q0 0.714-0.5 1.214t-1.214 0.5h-24q-0.714 0-1.214-0.5t-0.5-1.214v-28.571q0-0.714 0.5-1.214t1.214-0.5h16q0.714 0 1.571 0.357t1.357 0.857zM18.286 2.429v6.714h6.714q-0.179-0.518-0.393-0.732l-5.589-5.589q-0.214-0.214-0.732-0.393zM25.143 29.714v-18.286h-7.429q-0.714 0-1.214-0.5t-0.5-1.214v-7.429h-13.714v27.429h22.857zM6.857 14.286q0-0.25 0.161-0.411t0.411-0.161h12.571q0.25 0 0.411 0.161t0.161 0.411v1.143q0 0.25-0.161 0.411t-0.411 0.161h-12.571q-0.25 0-0.411-0.161t-0.161-0.411v-1.143zM20 18.286q0.25 0 0.411 0.161t0.161 0.411v1.143q0 0.25-0.161 0.411t-0.411 0.161h-12.571q-0.25 0-0.411-0.161t-0.161-0.411v-1.143q0-0.25 0.161-0.411t0.411-0.161h12.571zM20 22.857q0.25 0 0.411 0.161t0.161 0.411v1.143q0 0.25-0.161 0.411t-0.411 0.161h-12.571q-0.25 0-0.411-0.161t-0.161-0.411v-1.143q0-0.25 0.161-0.411t0.411-0.161h12.571z\"><\/path><\/svg><\/span><\/i><\/div><\/div><div class=\"wpex-card-details wpex-flex wpex-flex-col wpex-flex-grow wpex-p-30 wpex-last-mb-0\"><h2 class=\"wpex-card-title wpex-heading wpex-child-inherit-color wpex-text-xl\">Hablamos sobre c\u00f3mo conseguir mejores empresas con un grupo de profesores suecos.\u00a0<\/h2><div class=\"wpex-card-excerpt wpex-last-mb-0 wpex-mt-15\"><p>El 21 de noviembre de 2023 hemos tenido el placer de acoger en nuestras oficinas a un grupo de profesores&hellip;<\/p>\n<\/div><\/div><\/a><\/div><\/div><\/div><\/div><\/div>[\/vc_column][\/vc_row][\/vc_section]\n<\/div>","protected":false},"excerpt":{"rendered":"<p>[vc_section full_width=\u00bbstretch_row_content\u00bb content_placement=\u00bbmiddle\u00bb min_height=\u00bb600&#8243;][vc_row][vc_column][\/vc_column][\/vc_row][\/vc_section][vc_section full_width=\u00bbstretch_row_content\u00bb content_placement=\u00bbmiddle\u00bb min_height=\u00bb500&#8243; css=\u00bb.vc_custom_1720168977959{background-color: #e9e9e8 !important;}\u00bb][vc_row content_placement=\u00bbmiddle\u00bb css=\u00bb.vc_custom_1723464657210{padding-top: 60px !important;}\u00bb][vc_column css=\u00bb.vc_custom_1723464584959{padding-left: 10% !important;}\u00bb offset=\u00bbvc_col-xs-offset-1&#8243;][\/vc_column][\/vc_row][\/vc_section]<\/p>\n","protected":false},"author":1,"featured_media":0,"parent":0,"menu_order":0,"comment_status":"closed","ping_status":"closed","template":"","meta":{"_acf_changed":false,"footnotes":""},"class_list":["post-160","page","type-page","status-publish","hentry","entry","has-media"],"acf":[],"_links":{"self":[{"href":"https:\/\/invepat.live-website.com\/invepat2024\/wp-json\/wp\/v2\/pages\/160","targetHints":{"allow":["GET"]}}],"collection":[{"href":"https:\/\/invepat.live-website.com\/invepat2024\/wp-json\/wp\/v2\/pages"}],"about":[{"href":"https:\/\/invepat.live-website.com\/invepat2024\/wp-json\/wp\/v2\/types\/page"}],"author":[{"embeddable":true,"href":"https:\/\/invepat.live-website.com\/invepat2024\/wp-json\/wp\/v2\/users\/1"}],"replies":[{"embeddable":true,"href":"https:\/\/invepat.live-website.com\/invepat2024\/wp-json\/wp\/v2\/comments?post=160"}],"version-history":[{"count":5,"href":"https:\/\/invepat.live-website.com\/invepat2024\/wp-json\/wp\/v2\/pages\/160\/revisions"}],"predecessor-version":[{"id":3062,"href":"https:\/\/invepat.live-website.com\/invepat2024\/wp-json\/wp\/v2\/pages\/160\/revisions\/3062"}],"wp:attachment":[{"href":"https:\/\/invepat.live-website.com\/invepat2024\/wp-json\/wp\/v2\/media?parent=160"}],"curies":[{"name":"wp","href":"https:\/\/api.w.org\/{rel}","templated":true}]}}