{"id":333,"date":"2024-07-23T09:06:08","date_gmt":"2024-07-23T07:06:08","guid":{"rendered":"https:\/\/invepat.live-website.com\/invepat2024\/?page_id=333"},"modified":"2024-07-23T09:29:15","modified_gmt":"2024-07-23T07:29:15","slug":"seo-local","status":"publish","type":"page","link":"https:\/\/invepat.live-website.com\/invepat2024\/seo-local\/","title":{"rendered":"SEO local"},"content":{"rendered":"<div class=\"wpb-content-wrapper\">[vc_section full_width=\u00bbstretch_row_content\u00bb][vc_row][vc_column]\n\t\t\t<!-- START SEO LOCAL REVOLUTION SLIDER 6.6.20 --><p class=\"rs-p-wp-fix\"><\/p>\n\t\t\t<rs-module-wrap id=\"rev_slider_5_1_wrapper\" data-source=\"gallery\" style=\"visibility:hidden;background:transparent;padding:0;margin:0px auto;margin-top:0;margin-bottom:0;\">\n\t\t\t\t<rs-module id=\"rev_slider_5_1\" style=\"\" data-version=\"6.6.20\">\n\t\t\t\t\t<rs-slides style=\"overflow: hidden; position: absolute;\">\n\t\t\t\t\t\t<rs-slide style=\"position: absolute;\" data-key=\"rs-5\" data-title=\"Slide\" data-in=\"o:0;\" data-out=\"a:false;\">\n\t\t\t\t\t\t\t<img src=\"\/\/invepat.live-website.com\/invepat2024\/wp-content\/plugins\/revslider\/public\/assets\/assets\/dummy.png\" alt=\"Slide\" title=\"SEO local\" class=\"rev-slidebg tp-rs-img rs-lazyload\" data-lazyload=\"\/\/invepat.live-website.com\/invepat2024\/wp-content\/plugins\/revslider\/public\/assets\/assets\/transparent.png\" data-bg=\"c:#ffffff;\" data-no-retina>\n<!--\n\t\t\t\t\t\t\t--><rs-layer\n\t\t\t\t\t\t\t\tid=\"slider-5-slide-5-layer-0\" \n\t\t\t\t\t\t\t\tdata-type=\"image\"\n\t\t\t\t\t\t\t\tdata-rsp_ch=\"on\"\n\t\t\t\t\t\t\t\tdata-xy=\"x:c;y:112px;\"\n\t\t\t\t\t\t\t\tdata-text=\"w:normal;\"\n\t\t\t\t\t\t\t\tdata-dim=\"w:137px;h:215px;\"\n\t\t\t\t\t\t\t\tdata-frame_0=\"sX:0.9;sY:0.9;\"\n\t\t\t\t\t\t\t\tdata-frame_1=\"sp:1000;\"\n\t\t\t\t\t\t\t\tdata-frame_999=\"o:0;st:w;sR:8000;\"\n\t\t\t\t\t\t\t\tstyle=\"z-index:5;\"\n\t\t\t\t\t\t\t><img src=\"\/\/invepat.live-website.com\/invepat2024\/wp-content\/plugins\/revslider\/public\/assets\/assets\/dummy.png\" alt=\"\" class=\"tp-rs-img rs-lazyload\" width=\"628\" height=\"983\" data-lazyload=\"\/\/invepat.live-website.com\/invepat2024\/wp-content\/uploads\/2024\/07\/Diseno-sin-titulo-13.png\" data-no-retina> \n\t\t\t\t\t\t\t<\/rs-layer><!--\n\n\t\t\t\t\t\t\t--><h1\n\t\t\t\t\t\t\t\tid=\"slider-5-slide-5-layer-1\" \n\t\t\t\t\t\t\t\tclass=\"rs-layer\"\n\t\t\t\t\t\t\t\tdata-type=\"text\"\n\t\t\t\t\t\t\t\tdata-color=\"#041e42\"\n\t\t\t\t\t\t\t\tdata-rsp_ch=\"on\"\n\t\t\t\t\t\t\t\tdata-xy=\"x:c;y:344px;\"\n\t\t\t\t\t\t\t\tdata-text=\"w:normal;s:132;l:180;a:center;\"\n\t\t\t\t\t\t\t\tdata-frame_0=\"sX:0.8;sY:0.8;\"\n\t\t\t\t\t\t\t\tdata-frame_1=\"e:power4.out;sp:1570;\"\n\t\t\t\t\t\t\t\tdata-frame_999=\"o:0;st:w;sR:7430;\"\n\t\t\t\t\t\t\t\tstyle=\"z-index:6;font-family:'Arial', 'Helvetica', 'sans-serif';\"\n\t\t\t\t\t\t\t>SEO Local \n\t\t\t\t\t\t\t<\/h1><!--\n\n\t\t\t\t\t\t\t--><h2\n\t\t\t\t\t\t\t\tid=\"slider-5-slide-5-layer-3\" \n\t\t\t\t\t\t\t\tclass=\"rs-layer\"\n\t\t\t\t\t\t\t\tdata-type=\"text\"\n\t\t\t\t\t\t\t\tdata-color=\"#041e42\"\n\t\t\t\t\t\t\t\tdata-rsp_ch=\"on\"\n\t\t\t\t\t\t\t\tdata-xy=\"x:c;y:564px;\"\n\t\t\t\t\t\t\t\tdata-text=\"w:normal;s:40;l:50;ls:0px;fw:300;a:center;\"\n\t\t\t\t\t\t\t\tdata-dim=\"w:627px;\"\n\t\t\t\t\t\t\t\tdata-frame_0=\"rX:70deg;oZ:-50;\"\n\t\t\t\t\t\t\t\tdata-frame_1=\"oZ:-50;e:power4.inOut;sp:2590;\"\n\t\t\t\t\t\t\t\tdata-frame_999=\"o:0;st:w;sR:6410;\"\n\t\t\t\t\t\t\t\tstyle=\"z-index:7;font-family:'Open Sans';\"\n\t\t\t\t\t\t\t>\u00bfNegocio local?<br \/>\nAseg\u00farate una buena posici\u00f3n<br \/>\n \n\t\t\t\t\t\t\t<\/h2><!--\n-->\t\t\t\t\t\t<\/rs-slide>\n\t\t\t\t\t<\/rs-slides>\n\t\t\t\t<\/rs-module>\n\t\t\t\t<script>\n\t\t\t\t\tsetREVStartSize({c: 'rev_slider_5_1',rl:[1240,1024,778,480],el:[900],gw:[1240],gh:[900],type:'hero',justify:'',layout:'fullwidth',mh:\"0\"});if (window.RS_MODULES!==undefined && window.RS_MODULES.modules!==undefined && window.RS_MODULES.modules[\"revslider51\"]!==undefined) {window.RS_MODULES.modules[\"revslider51\"].once = false;window.revapi5 = undefined;if (window.RS_MODULES.checkMinimal!==undefined) window.RS_MODULES.checkMinimal()}\n\t\t\t\t<\/script>\n\t\t\t<\/rs-module-wrap>\n\t\t\t<!-- END REVOLUTION SLIDER -->\n[\/vc_column][\/vc_row][\/vc_section][vc_section full_width=\u00bbstretch_row\u00bb content_placement=\u00bbmiddle\u00bb min_height=\u00bb450&#8243;][vc_row][vc_column][vc_column_text font_weight=\u00bb300&#8243; font_family=\u00bbOpen Sans\u00bb]\n<p class=\"elementor-heading-title elementor-size-default\"><span style=\"font-size: 40px;\">Una buena optimizaci\u00f3n de tu ficha de negocio local puede suponer la diferencia entre no existir en internet y convertir hasta llegar a tus objetivos mes a mes.<\/span><\/p>\n[\/vc_column_text][\/vc_column][\/vc_row][\/vc_section][vc_section full_width=\u00bbstretch_row_content\u00bb full_height=\u00bbyes\u00bb min_height=\u00bb700&#8243; visibility=\u00bbhide-at-mm-breakpoint\u00bb][vc_row css=\u00bb.vc_custom_1720419808135{margin-top: 40px !important;}\u00bb][vc_column width=\u00bb2\/6&#8243;]<style>.vcex-heading.vcex_69f9b30b30b25{font-size:50px;font-weight:200;}<\/style><h3 class=\"vcex-heading vcex-heading-plain vcex-module wpex-heading wpex-text-2xl wpex-mt-60  wpb_animate_when_almost_visible wpb_fadeInDown fadeInDown vc_custom_1721712053349 vcex_69f9b30b30b25\"><span class=\"vcex-heading-inner wpex-inline-block\">\u00bfQu\u00e9 nos diferencia?<\/span><\/h3>[\/vc_column][vc_column width=\u00bb3\/6&#8243;]<style>.vcex-heading.vcex_69f9b30b31699{font-size:60px;line-height:var(--wpex-leading-tight);letter-spacing:var(--wpex-tracking-tighter);}<\/style><h3 class=\"vcex-heading vcex-heading-plain vcex-module wpex-heading wpex-text-2xl wpex-mt-60 wpex-mb-40  wpb_animate_when_almost_visible wpb_fadeInDownBig fadeInDownBig vcex_69f9b30b31699\"><span class=\"vcex-heading-inner wpex-inline-block\">Para un negocio local, la presencia en mapas asegura una buena posici\u00f3n en b\u00fasquedas con informaci\u00f3n adicional de valor.<\/span><\/h3><div class=\"vcex-module vcex-divider vcex-divider-solid vcex-divider-center wpex-mx-auto wpex-block wpex-h-0 wpex-border-b wpex-border-solid wpex-border-main\" style=\"margin-bottom:25px;border-color:#041e42;\"><\/div><style>.vcex-toggle.vcex_69f9b30b322dc .vcex-toggle__heading{font-family:'Open Sans', sans-serif;font-size:30px;font-weight:200;}.vcex-toggle.vcex_69f9b30b322dc .vcex-toggle__trigger{color:#041e42;}.vcex-toggle.vcex_69f9b30b322dc .vcex-toggle__trigger:hover{color:#c8d8eb;}<\/style><div class=\"vcex-toggle vcex-module  wpb_animate_when_almost_visible wpb_fadeInRightBig fadeInRightBig vcex_69f9b30b322dc\" data-animate=\"true\" data-duration=\"300\"><div class=\"vcex-toggle__heading\"><a href=\"#priorizamos-el-trabajo\" class=\"vcex-toggle__trigger wpex-flex wpex-items-center wpex-transition-colors wpex-flex-row-reverse\" aria-expanded=\"false\" aria-controls=\"priorizamos-el-trabajo\"><div class=\"vcex-toggle__icon wpex-ml-10\" aria-hidden=\"true\"><div class=\"vcex-toggle__icon-open wpex-flex wpex-flex-col wpex-items-center\"><svg xmlns=\"http:\/\/www.w3.org\/2000\/svg\" height=\"1.5em\" viewBox=\"0 0 24 24\" width=\"1.5em\" fill=\"currentColor\"><path d=\"M0 0h24v24H0V0z\" fill=\"none\"\/><path d=\"M24 24H0V0h24v24z\" fill=\"none\" opacity=\".87\"\/><path d=\"M16.59 8.59L12 13.17 7.41 8.59 6 10l6 6 6-6-1.41-1.41z\"\/><\/svg><\/div><div class=\"vcex-toggle__icon-close wpex-flex wpex-flex-col wpex-items-center\"><svg xmlns=\"http:\/\/www.w3.org\/2000\/svg\" height=\"1.5em\" viewBox=\"0 0 24 24\" width=\"1.5em\" fill=\"currentColor\" class=\"vcex-toggle__icon-close\"><path d=\"M0 0h24v24H0V0z\" fill=\"none\"\/><path d=\"M12 8l-6 6 1.41 1.41L12 10.83l4.59 4.58L18 14l-6-6z\"\/><\/svg><\/div><\/div><h4 class=\"vcex-toggle__title wpex-mr-auto\">Priorizamos el trabajo<\/h4><\/a><\/div><div id=\"priorizamos-el-trabajo\" class=\"vcex-toggle__content wpex-last-mb-0 wpex-my-10 wpex-clr\"><p><span style=\"font-size: 16px\">Si con este servicio puedes conseguir resultados m\u00e1s r\u00e1pidos que con una web, ser\u00e1 lo primero que te recomendemos.\u00a0<\/span><\/p>\n<div class=\"elementor-element elementor-element-8744507 elementor-position-left elementor-mobile-position-left elementor-vertical-align-middle elementor-view-default elementor-widget elementor-widget-icon-box animated fadeInLeft\" data-id=\"8744507\" data-element_type=\"widget\" data-settings=\"{&quot;_animation&quot;:&quot;fadeInLeft&quot;}\" data-widget_type=\"icon-box.default\">\n<div class=\"elementor-widget-container\">\n<div class=\"elementor-icon-box-wrapper\">\n<div class=\"elementor-icon-box-icon\"><\/div>\n<div class=\"elementor-icon-box-content\"><\/div>\n<\/div>\n<\/div>\n<\/div>\n<\/div><\/div><div class=\"vcex-module vcex-divider vcex-divider-solid vcex-divider-center wpex-mx-auto wpex-block wpex-h-0 wpex-border-b wpex-border-solid wpex-border-main\" style=\"margin-top:25px;margin-bottom:25px;border-color:#041e42;\"><\/div><style>.vcex-toggle.vcex_69f9b30b33a24 .vcex-toggle__heading{font-family:'Open Sans', sans-serif;font-size:30px;font-weight:200;}.vcex-toggle.vcex_69f9b30b33a24 .vcex-toggle__trigger{color:#041e42;}.vcex-toggle.vcex_69f9b30b33a24 .vcex-toggle__trigger:hover{color:#c8d8eb;}<\/style><div class=\"vcex-toggle vcex-module  wpb_animate_when_almost_visible wpb_fadeInRightBig fadeInRightBig vcex_69f9b30b33a24\" data-animate=\"true\" data-duration=\"300\"><div class=\"vcex-toggle__heading\"><a href=\"#transparencia\" class=\"vcex-toggle__trigger wpex-flex wpex-items-center wpex-transition-colors wpex-flex-row-reverse\" aria-expanded=\"false\" aria-controls=\"transparencia\"><div class=\"vcex-toggle__icon wpex-ml-10\" aria-hidden=\"true\"><div class=\"vcex-toggle__icon-open wpex-flex wpex-flex-col wpex-items-center\"><svg xmlns=\"http:\/\/www.w3.org\/2000\/svg\" height=\"1.5em\" viewBox=\"0 0 24 24\" width=\"1.5em\" fill=\"currentColor\"><path d=\"M0 0h24v24H0V0z\" fill=\"none\"\/><path d=\"M24 24H0V0h24v24z\" fill=\"none\" opacity=\".87\"\/><path d=\"M16.59 8.59L12 13.17 7.41 8.59 6 10l6 6 6-6-1.41-1.41z\"\/><\/svg><\/div><div class=\"vcex-toggle__icon-close wpex-flex wpex-flex-col wpex-items-center\"><svg xmlns=\"http:\/\/www.w3.org\/2000\/svg\" height=\"1.5em\" viewBox=\"0 0 24 24\" width=\"1.5em\" fill=\"currentColor\" class=\"vcex-toggle__icon-close\"><path d=\"M0 0h24v24H0V0z\" fill=\"none\"\/><path d=\"M12 8l-6 6 1.41 1.41L12 10.83l4.59 4.58L18 14l-6-6z\"\/><\/svg><\/div><\/div><h4 class=\"vcex-toggle__title wpex-mr-auto\">Transparencia<\/h4><\/a><\/div><div id=\"transparencia\" class=\"vcex-toggle__content wpex-last-mb-0 wpex-my-10 wpex-clr\"><p><span style=\"font-size: 16px\">Tu eres el propietario de tu negocio, f\u00edsico y online. Tendr\u00e1s capacidades de gesti\u00f3n e informaci\u00f3n peri\u00f3dica de rendimiento.<\/span><\/p>\n<\/div><\/div>[\/vc_column][vc_column visibility=\u00bbhide-at-mm-breakpoint\u00bb width=\u00bb1\/6&#8243;][\/vc_column][\/vc_row][\/vc_section][vc_section full_width=\u00bbstretch_row\u00bb full_height=\u00bbyes\u00bb][vc_row][vc_column]<style>.vcex-heading.vcex_69f9b30b34257{animation-duration:2s;font-size:75px;line-height:var(--wpex-leading-tight);letter-spacing:var(--wpex-tracking-tighter);}<\/style><h2 class=\"vcex-heading vcex-heading-plain vcex-module wpex-heading wpex-text-2xl wpex-mt-60 wpex-mb-40 wpex-text-center  wpb_animate_when_almost_visible wpb_fadeIn fadeIn vcex_69f9b30b34257\"><span class=\"vcex-heading-inner wpex-inline-block\">Contacta con nosotros<\/span><\/h2>\n<div class=\"wpcf7 no-js\" id=\"wpcf7-f59-o1\" lang=\"es-ES\" dir=\"ltr\">\n<div class=\"screen-reader-response\"><p role=\"status\" aria-live=\"polite\" aria-atomic=\"true\"><\/p> <ul><\/ul><\/div>\n<form action=\"\/invepat2024\/wp-json\/wp\/v2\/pages\/333#wpcf7-f59-o1\" method=\"post\" class=\"wpcf7-form init\" aria-label=\"Formulario de contacto\" novalidate=\"novalidate\" data-status=\"init\">\n<div style=\"display: none;\">\n<input type=\"hidden\" name=\"_wpcf7\" value=\"59\" \/>\n<input type=\"hidden\" name=\"_wpcf7_version\" value=\"5.9.6\" \/>\n<input type=\"hidden\" name=\"_wpcf7_locale\" value=\"es_ES\" \/>\n<input type=\"hidden\" name=\"_wpcf7_unit_tag\" value=\"wpcf7-f59-o1\" \/>\n<input type=\"hidden\" name=\"_wpcf7_container_post\" value=\"0\" \/>\n<input type=\"hidden\" name=\"_wpcf7_posted_data_hash\" value=\"\" \/>\n<\/div>\n<div class=\"form-container\">\n\t<div class=\"form-row\">\n\t\t<p class=\"form-column\"><br \/>\n<span class=\"wpcf7-form-control-wrap\" data-name=\"your-name\"><input size=\"40\" maxlength=\"80\" class=\"wpcf7-form-control wpcf7-text wpcf7-validates-as-required\" aria-required=\"true\" aria-invalid=\"false\" placeholder=\"Tu nombre\" value=\"\" type=\"text\" name=\"your-name\" \/><\/span>\n\t\t<\/p>\n\t\t<p class=\"form-column\"><br \/>\n<span class=\"wpcf7-form-control-wrap\" data-name=\"your-phone\"><input size=\"40\" maxlength=\"80\" class=\"wpcf7-form-control wpcf7-tel wpcf7-validates-as-required wpcf7-text wpcf7-validates-as-tel\" aria-required=\"true\" aria-invalid=\"false\" placeholder=\"Tu tel\u00e9fono\" value=\"\" type=\"tel\" name=\"your-phone\" \/><\/span>\n\t\t<\/p>\n\t<\/div>\n\t<div class=\"form-row\">\n\t\t<p class=\"form-column\"><br \/>\n<span class=\"wpcf7-form-control-wrap\" data-name=\"your-email\"><input size=\"40\" maxlength=\"80\" class=\"wpcf7-form-control wpcf7-email wpcf7-validates-as-required wpcf7-text wpcf7-validates-as-email\" aria-required=\"true\" aria-invalid=\"false\" placeholder=\"Tu email\" value=\"\" type=\"email\" name=\"your-email\" \/><\/span>\n\t\t<\/p>\n\t\t<p class=\"form-column\"><br \/>\n<span class=\"wpcf7-form-control-wrap\" data-name=\"your-company\"><input size=\"40\" maxlength=\"80\" class=\"wpcf7-form-control wpcf7-text\" aria-invalid=\"false\" placeholder=\"Tu empresa\" value=\"\" type=\"text\" name=\"your-company\" \/><\/span>\n\t\t<\/p>\n\t<\/div>\n\t<p><br \/>\n<span class=\"wpcf7-form-control-wrap\" data-name=\"your-message\"><textarea cols=\"40\" rows=\"10\" maxlength=\"400\" class=\"wpcf7-form-control wpcf7-textarea\" aria-invalid=\"false\" placeholder=\"Escribe tu mensaje aqu\u00ed\" name=\"your-message\"><\/textarea><\/span>\n\t<\/p>\n\t<div class=\"uniquecol last\">\n\t\t<p><label><span class=\"wpcf7-form-control-wrap\" data-name=\"acceptance-975\"><span class=\"wpcf7-form-control wpcf7-acceptance\"><span class=\"wpcf7-list-item\"><input type=\"checkbox\" name=\"acceptance-975\" value=\"1\" aria-invalid=\"false\" \/><\/span><\/span><\/span> Acepto los <a href=\"\/aviso-legal\/\">t\u00e9rminos y condiciones de uso<\/a>, as\u00ed como la <a href=\"\/politica-privacidad\/\">pol\u00edtica de privacidad<\/a>.<\/label>\n\t\t<\/p>\n\t<\/div>\n\t<p><br \/>\n<input class=\"wpcf7-form-control wpcf7-submit has-spinner\" type=\"submit\" value=\"Enviar \u2192\" \/>\n\t<\/p>\n<\/div><p style=\"display: none !important;\" class=\"akismet-fields-container\" data-prefix=\"_wpcf7_ak_\"><label>&#916;<textarea name=\"_wpcf7_ak_hp_textarea\" cols=\"45\" rows=\"8\" maxlength=\"100\"><\/textarea><\/label><input type=\"hidden\" id=\"ak_js_1\" name=\"_wpcf7_ak_js\" value=\"151\"\/><script>document.getElementById( \"ak_js_1\" ).setAttribute( \"value\", ( new Date() ).getTime() );<\/script><\/p><div class=\"wpcf7-response-output\" aria-hidden=\"true\"><\/div>\n<\/form>\n<\/div>\n[\/vc_column][\/vc_row][\/vc_section]\n<\/div>","protected":false},"excerpt":{"rendered":"<p>[vc_section full_width=\u00bbstretch_row_content\u00bb][vc_row][vc_column][\/vc_column][\/vc_row][\/vc_section][vc_section full_width=\u00bbstretch_row\u00bb content_placement=\u00bbmiddle\u00bb min_height=\u00bb450&#8243;][vc_row][vc_column][vc_column_text font_weight=\u00bb300&#8243; font_family=\u00bbOpen Sans\u00bb] Una buena optimizaci\u00f3n de tu ficha de negocio local puede suponer la diferencia entre no existir en internet y convertir hasta llegar a tus objetivos mes a mes. [\/vc_column_text][\/vc_column][\/vc_row][\/vc_section][vc_section full_width=\u00bbstretch_row_content\u00bb full_height=\u00bbyes\u00bb min_height=\u00bb700&#8243; visibility=\u00bbhide-at-mm-breakpoint\u00bb][vc_row css=\u00bb.vc_custom_1720419808135{margin-top: 40px !important;}\u00bb][vc_column width=\u00bb2\/6&#8243;][\/vc_column][vc_column width=\u00bb3\/6&#8243;][\/vc_column][vc_column visibility=\u00bbhide-at-mm-breakpoint\u00bb width=\u00bb1\/6&#8243;][\/vc_column][\/vc_row][\/vc_section][vc_section full_width=\u00bbstretch_row\u00bb full_height=\u00bbyes\u00bb][vc_row][vc_column][\/vc_column][\/vc_row][\/vc_section]<\/p>\n","protected":false},"author":1,"featured_media":0,"parent":0,"menu_order":0,"comment_status":"closed","ping_status":"closed","template":"","meta":{"_acf_changed":false,"footnotes":""},"class_list":["post-333","page","type-page","status-publish","hentry","entry","no-media"],"acf":[],"_links":{"self":[{"href":"https:\/\/invepat.live-website.com\/invepat2024\/wp-json\/wp\/v2\/pages\/333","targetHints":{"allow":["GET"]}}],"collection":[{"href":"https:\/\/invepat.live-website.com\/invepat2024\/wp-json\/wp\/v2\/pages"}],"about":[{"href":"https:\/\/invepat.live-website.com\/invepat2024\/wp-json\/wp\/v2\/types\/page"}],"author":[{"embeddable":true,"href":"https:\/\/invepat.live-website.com\/invepat2024\/wp-json\/wp\/v2\/users\/1"}],"replies":[{"embeddable":true,"href":"https:\/\/invepat.live-website.com\/invepat2024\/wp-json\/wp\/v2\/comments?post=333"}],"version-history":[{"count":4,"href":"https:\/\/invepat.live-website.com\/invepat2024\/wp-json\/wp\/v2\/pages\/333\/revisions"}],"predecessor-version":[{"id":337,"href":"https:\/\/invepat.live-website.com\/invepat2024\/wp-json\/wp\/v2\/pages\/333\/revisions\/337"}],"wp:attachment":[{"href":"https:\/\/invepat.live-website.com\/invepat2024\/wp-json\/wp\/v2\/media?parent=333"}],"curies":[{"name":"wp","href":"https:\/\/api.w.org\/{rel}","templated":true}]}}